{"id":1535,"date":"2021-02-24T12:55:20","date_gmt":"2021-02-24T12:55:20","guid":{"rendered":"https:\/\/print.gg\/kalkulator\/?post_type=product&#038;p=1535"},"modified":"2024-12-06T08:42:41","modified_gmt":"2024-12-06T08:42:41","slug":"fototapeta-na-wymiar","status":"publish","type":"product","link":"https:\/\/print.gg\/kalkulator\/de\/produkt\/wandgemalde\/","title":{"rendered":"Fototapeta na wymiar"},"content":{"rendered":"<div class=\"_1bo4a _xu6h2 _1ylmp _2d49e_YrWCD\">\n<h6 class=\"_1voj4 _z9prt _1xzdi _ai5yc _5d6n2 _15lj1\">Dost\u0119pne materia\u0142y:<\/h6>\n<p>Nasze fototapety wykonujemy z wysokogatunkowych materia\u0142\u00f3w klasy Premium. Drukuj\u0105c u nas masz mo\u017cliwo\u015b\u0107 wyboru odpowiedniego materia\u0142u w zale\u017cno\u015bci od charakterystyki pomieszczenia w kt\u00f3rym fototapeta b\u0119dzie aplikowana.<\/p>\n<h6 class=\"_1voj4 _z9prt _1xzdi _ai5yc _5d6n2 _15lj1\"><strong>Vinyl-Wandbild <\/strong><strong>(VINYL AUF SCHNITTSTELLE 350G)<\/strong><strong>:<\/strong><\/h6>\n<\/div>\n<div class=\"_1voj4 _z9prt _1xzdi _ai5yc _5d6n2 _15lj1\">\n<div class=\"_2d49e_5pK0q\">\n<p>Fototapeta winylowa na podk\u0142adzie flizelinowym jest materia\u0142em wyj\u0105tkowo odpornym na trudne warunki u\u017cytkowania. Dzi\u0119ki swoim w\u0142a\u015bciwo\u015bciom polecana jest tak\u017ce do aplikacji w kuchni lub \u0142azience. Dodatkowymi zaletami s\u0105 jej grubo\u015b\u0107, trwa\u0142o\u015b\u0107 oraz \u0142atwy monta\u017c (klej k\u0142adziemy tylko na \u015bcian\u0119). Fototapeta w pe\u0142ni zmywalna nie wymagaj\u0105ca laminowania.<\/p>\n<\/div>\n<\/div>\n<div class=\"_1voj4 _z9prt _1xzdi _ai5yc _5d6n2 _15lj1\">\n<div class=\"_2d49e_5pK0q\">\n<h6>Selbstklebende Fototapete\u00a0<strong>(BLASENFREIER AUFKLEBER)<\/strong>:<\/h6>\n<p>Wodoodporna tapeta w postaci folii samoprzylepnej powlekana wielowarstwowo o powierzchni matowej. Dzi\u0119ki zastosowaniu innowacyjnej technologii bubblesfree nie musimy obawia\u0107 si\u0119 powstawania nieestetycznych p\u0119cherzyk\u00f3w powietrza podczas aplikacji. Materia\u0142 mo\u017cna \u0142atwo usun\u0105\u0107 z oklejonej powierzchni nie niszcz\u0105c jej. Fototapeta w pe\u0142ni zmywalna nie wymagaj\u0105ca laminowania. Przeznaczona do klejenia na powierzchnie niech\u0142onne takie jak szk\u0142o, p\u0142yty meblowe, plastik, metal<\/p>\n<\/div>\n<\/div>\n<div class=\"_1bo4a _xu6h2 _1ylmp _2d49e_YrWCD\">\n<div class=\"_1voj4 _z9prt _1xzdi _ai5yc _5d6n2 _15lj1\">\n<div class=\"_2d49e_5pK0q\">\n<h6>FOTOTAPETA LATEX\u00a0 Standard 140 g:<\/h6>\n<p>Fototapeta z dodatkiem latexu powlekana wielowarstwowo o powierzchni satynowej. Wysokie nasycenie kolor\u00f3w, du\u017ca sztywno\u015b\u0107 oraz odporno\u015b\u0107 na wilgo\u0107 i wod\u0119. Materia\u0142 dostosowuj\u0105cy si\u0119 do nier\u00f3wno\u015bci pod\u0142o\u017ca, trwa\u0142y i \u0142atwy w monta\u017cu.<\/p>\n<\/div>\n<\/div>\n<\/div>\n<div>\n<h6>FOTOTAPETA LATEX\u00a0 PREMIUM 212 g:<\/h6>\n<p>Fototapeta z dodatkiem latexu powlekana wielowarstwowo o powierzchni matowej. Charakteryzuje si\u0119 wysokim nasyceniem kolor\u00f3w, du\u017c\u0105 sztywno\u015bci\u0105 oraz odporno\u015bci\u0105 na wilgo\u0107 i wod\u0119. Papier latexowy do aplikacji na\u015bciennej jako tapeta. \u0141atwy do nak\u0142adania za pomoc\u0105 standardowych narz\u0119dzi do tapetowania (konieczno\u015b\u0107 u\u017cycia kleju do tapet &#8211; KLEJ GARTIS).<\/p>\n<p><strong>ANWENDUNG:<\/strong> salon, sypialnia, kuchnia, \u0142azienka, przedpok\u00f3j, pok\u00f3j dzieci\u0119cy, restauracja, sala konferencyjna, sklepy, szko\u0142y, pomieszczenia u\u017cytku publicznego.<\/p>\n<\/div>\n<div class=\"_1bo4a _xu6h2 _1ylmp _2d49e_YrWCD\">\n<div class=\"_1voj4 _z9prt _1xzdi _ai5yc _5d6n2 _15lj1\">\n<h5>Do ka\u017cdego zam\u00f3wienia otrzymaj\u0105 Pa\u0144stwo gratis:<\/h5>\n<p><b>Klej renomowanej firmy &#8211;\u00a0<\/b>przystosowany do klejenia ka\u017cdego rodzaju tapet. \u0141atwy w zastosowaniu, zawiera \u015brodki grzybob\u00f3jcze. Odporny na dzia\u0142anie wapna i cementu, nadaje si\u0119 do stosowania na \u015bwie\u017cym oraz suchym tynku.<\/p>\n<\/div>\n<\/div>\n<div><\/div>\n<div>Du\u017ce formaty fototapety dzielone s\u0105 na pionowe bryty u\u0142atwiaj\u0105ce aplikacj\u0119\u00a0 na \u015bcianie.<\/div>\n<div class=\"_1bo4a _xu6h2 _1ylmp _2d49e_YrWCD\">\n<div class=\"_1voj4 _z9prt _1xzdi _ai5yc _5d6n2 _15lj1\">\n<p><b>Instrukcj\u0119 Monta\u017cu:<\/b><\/p>\n<p><span style=\"font-family: 'Inter var', -apple-system, BlinkMacSystemFont, 'Helvetica Neue', Helvetica, sans-serif; letter-spacing: -0.015em;\">Z my\u015bl\u0105 o osobach nie posiadaj\u0105cych do\u015bwiadczenia w tapetowaniu przygotowali\u015bmy obszerny opis monta\u017cu dla ka\u017cdego dost\u0119pnego w naszym sklepie materia\u0142u, kt\u00f3ry otrzymaj\u0105 Pa\u0144stwo razem z zam\u00f3wionym produktem.<\/span><\/p>\n<\/div>\n<\/div>","protected":false},"excerpt":{"rendered":"<p>Dost\u0119pne materia\u0142y: Nasze fototapety wykonujemy z wysokogatunkowych materia\u0142\u00f3w klasy Premium. Drukuj\u0105c u nas masz mo\u017cliwo\u015b\u0107 wyboru odpowiedniego materia\u0142u w zale\u017cno\u015bci od charakterystyki pomieszczenia w kt\u00f3rym fototapeta b\u0119dzie aplikowana. Fototapeta winylowa (VINYL NA FLIZELINIE 350G): Fototapeta winylowa na podk\u0142adzie flizelinowym jest materia\u0142em wyj\u0105tkowo odpornym na trudne warunki u\u017cytkowania. Dzi\u0119ki swoim w\u0142a\u015bciwo\u015bciom polecana jest tak\u017ce do aplikacji [&hellip;]<\/p>","protected":false},"featured_media":1571,"template":"","meta":[],"product_cat":[15],"product_tag":[],"acf":[],"_links":{"self":[{"href":"https:\/\/print.gg\/kalkulator\/de\/wp-json\/wp\/v2\/product\/1535"}],"collection":[{"href":"https:\/\/print.gg\/kalkulator\/de\/wp-json\/wp\/v2\/product"}],"about":[{"href":"https:\/\/print.gg\/kalkulator\/de\/wp-json\/wp\/v2\/types\/product"}],"wp:featuredmedia":[{"embeddable":true,"href":"https:\/\/print.gg\/kalkulator\/de\/wp-json\/wp\/v2\/media\/1571"}],"wp:attachment":[{"href":"https:\/\/print.gg\/kalkulator\/de\/wp-json\/wp\/v2\/media?parent=1535"}],"wp:term":[{"taxonomy":"product_cat","embeddable":true,"href":"https:\/\/print.gg\/kalkulator\/de\/wp-json\/wp\/v2\/product_cat?post=1535"},{"taxonomy":"product_tag","embeddable":true,"href":"https:\/\/print.gg\/kalkulator\/de\/wp-json\/wp\/v2\/product_tag?post=1535"}],"curies":[{"name":"wp","href":"https:\/\/api.w.org\/{rel}","templated":true}]}}