{"id":2721,"date":"2022-10-17T10:50:52","date_gmt":"2022-10-17T10:50:52","guid":{"rendered":"https:\/\/print.gg\/kalkulator\/?post_type=product&#038;p=2721"},"modified":"2022-10-17T12:29:35","modified_gmt":"2022-10-17T12:29:35","slug":"magnetyczny-planer","status":"publish","type":"product","link":"https:\/\/print.gg\/kalkulator\/de\/produkt\/magnetyczny-planer\/","title":{"rendered":"Magnetyczny planer na lod\u00f3wk\u0119"},"content":{"rendered":"<h6>fOLIA MAGNETYCZNA -ODPORNA NA WARUNKI ATMOSFERYCZNE oraz UV<\/h6>\n<p>Nie jest to folia samoprzylepna naklejana na magnes, kt\u00f3ra odkleja si\u0119 po jakim\u015b czasie. Zadruk wykonany jest bezpo\u015brednio na magnesie. Odporny jest na warunki atmosferyczne oraz promieniowanie UV !!!<\/p>\n<p>Magnes mo\u017cesz zamontowa\u0107 na lod\u00f3wce i zdemontowa\u0107 w dowolnej chwili &#8211;<b>\u00a0nie rysuje lakieru, nie wida\u0107 \u015blad\u00f3w po reklamie, monta\u017cu!<\/b><\/p>\n<p><b>WSKAZ\u00d3WKI U\u017bYTKOWANIA\u00a0:<\/b><\/p>\n<ul>\n<li>Grafik\u0119 magnetyczn\u0105 mo\u017cna stosowa\u0107 na p\u0142askich, \u017celaznych\/stalowych powierzchniach.<\/li>\n<li>Przed monta\u017cem dok\u0142adnie wyczy\u015b\u0107 powierzchni\u0119<\/li>\n<li>Nie uszkodzi lakieru przy prawid\u0142owym u\u017cyciu<\/li>\n<li>Aby uzyska\u0107 maksymaln\u0105 przyczepno\u015b\u0107 i d\u0142ugowieczno\u015b\u0107, codziennie wyczy\u015b\u0107 powierzchni\u0119 pod magnesem<\/li>\n<\/ul>","protected":false},"excerpt":{"rendered":"<p>fOLIA MAGNETYCZNA -ODPORNA NA WARUNKI ATMOSFERYCZNE oraz UV Nie jest to folia samoprzylepna naklejana na magnes, kt\u00f3ra odkleja si\u0119 po jakim\u015b czasie. Zadruk wykonany jest bezpo\u015brednio na magnesie. Odporny jest na warunki atmosferyczne oraz promieniowanie UV !!! Magnes mo\u017cesz zamontowa\u0107 na lod\u00f3wce i zdemontowa\u0107 w dowolnej chwili &#8211;\u00a0nie rysuje lakieru, nie wida\u0107 \u015blad\u00f3w po reklamie, [&hellip;]<\/p>","protected":false},"featured_media":2722,"template":"","meta":[],"product_cat":[15],"product_tag":[],"acf":[],"_links":{"self":[{"href":"https:\/\/print.gg\/kalkulator\/de\/wp-json\/wp\/v2\/product\/2721"}],"collection":[{"href":"https:\/\/print.gg\/kalkulator\/de\/wp-json\/wp\/v2\/product"}],"about":[{"href":"https:\/\/print.gg\/kalkulator\/de\/wp-json\/wp\/v2\/types\/product"}],"wp:featuredmedia":[{"embeddable":true,"href":"https:\/\/print.gg\/kalkulator\/de\/wp-json\/wp\/v2\/media\/2722"}],"wp:attachment":[{"href":"https:\/\/print.gg\/kalkulator\/de\/wp-json\/wp\/v2\/media?parent=2721"}],"wp:term":[{"taxonomy":"product_cat","embeddable":true,"href":"https:\/\/print.gg\/kalkulator\/de\/wp-json\/wp\/v2\/product_cat?post=2721"},{"taxonomy":"product_tag","embeddable":true,"href":"https:\/\/print.gg\/kalkulator\/de\/wp-json\/wp\/v2\/product_tag?post=2721"}],"curies":[{"name":"wp","href":"https:\/\/api.w.org\/{rel}","templated":true}]}}