{"id":2728,"date":"2022-10-21T10:27:11","date_gmt":"2022-10-21T10:27:11","guid":{"rendered":"https:\/\/print.gg\/kalkulator\/?post_type=product&#038;p=2728"},"modified":"2025-02-20T07:07:55","modified_gmt":"2025-02-20T07:07:55","slug":"szyld-reklamowy-dibond-2mm-na-wymiar","status":"publish","type":"product","link":"https:\/\/print.gg\/kalkulator\/de\/produkt\/szyld-reklamowy-dibond-2mm-na-wymiar\/","title":{"rendered":"Szyld reklamowy dibond #2mm na wymiar"},"content":{"rendered":"<h4 style=\"text-align: center;\">SZYLD REKLAMOWY<\/h4>\n<h4 style=\"text-align: center;\">z jednostronnym nadrukiem UV<\/h4>\n<p><b>PRODUKTMERKMALE<\/b><\/p>\n<ul>\n<li>Dimension: MA\u00dfGEFERTIGT<\/li>\n<li>Dicke: 2 mm<\/li>\n<li>Ausrichtung: horizontal, vertikal oder kreisf\u00f6rmig<\/li>\n<li>Nadruk: dowolny projekt w kolorystyce CMYK<\/li>\n<li>Materia\u0142: DIBOND<\/li>\n<\/ul>","protected":false},"excerpt":{"rendered":"<p>SZYLD REKLAMOWY z jednostronnym nadrukiem UV CECHY PRODUKTU Wymiar: NA WYMIAR Grubo\u015b\u0107: 2mm Orientacja: Poziom lub Pion Nadruk: dowolny projekt w kolorystyce CMYK Materia\u0142: DIBOND<\/p>","protected":false},"featured_media":3430,"template":"","meta":[],"product_cat":[15],"product_tag":[],"acf":[],"_links":{"self":[{"href":"https:\/\/print.gg\/kalkulator\/de\/wp-json\/wp\/v2\/product\/2728"}],"collection":[{"href":"https:\/\/print.gg\/kalkulator\/de\/wp-json\/wp\/v2\/product"}],"about":[{"href":"https:\/\/print.gg\/kalkulator\/de\/wp-json\/wp\/v2\/types\/product"}],"wp:featuredmedia":[{"embeddable":true,"href":"https:\/\/print.gg\/kalkulator\/de\/wp-json\/wp\/v2\/media\/3430"}],"wp:attachment":[{"href":"https:\/\/print.gg\/kalkulator\/de\/wp-json\/wp\/v2\/media?parent=2728"}],"wp:term":[{"taxonomy":"product_cat","embeddable":true,"href":"https:\/\/print.gg\/kalkulator\/de\/wp-json\/wp\/v2\/product_cat?post=2728"},{"taxonomy":"product_tag","embeddable":true,"href":"https:\/\/print.gg\/kalkulator\/de\/wp-json\/wp\/v2\/product_tag?post=2728"}],"curies":[{"name":"wp","href":"https:\/\/api.w.org\/{rel}","templated":true}]}}