{"id":2734,"date":"2022-10-24T10:36:13","date_gmt":"2022-10-24T10:36:13","guid":{"rendered":"https:\/\/print.gg\/kalkulator\/?post_type=product&#038;p=2734"},"modified":"2025-02-20T07:06:58","modified_gmt":"2025-02-20T07:06:58","slug":"szyld-reklamowy-pcv-3mm-na-wymiar-2","status":"publish","type":"product","link":"https:\/\/print.gg\/kalkulator\/de\/produkt\/szyld-reklamowy-pcv-3mm-na-wymiar-2\/","title":{"rendered":"Szyld reklamowy PCV #3mm na wymiar"},"content":{"rendered":"<h4 style=\"text-align: center;\">SZYLD REKLAMOWY<\/h4>\n<h4 style=\"text-align: center;\">z jednostronnym nadrukiem UV<\/h4>\n<p><b>PRODUKTMERKMALE<\/b><\/p>\n<ul>\n<li>Dimension: MA\u00dfGEFERTIGT<\/li>\n<li>Grubo\u015b\u0107: 3mm<\/li>\n<li>Ausrichtung: horizontal, vertikal oder kreisf\u00f6rmig<\/li>\n<li>Nadruk: dowolny projekt w kolorystyce CMYK<\/li>\n<li>Materia\u0142: PCV\u00a0 #3mm<\/li>\n<\/ul>","protected":false},"excerpt":{"rendered":"<p>SZYLD REKLAMOWY z jednostronnym nadrukiem UV CECHY PRODUKTU Wymiar: NA WYMIAR Grubo\u015b\u0107: 3mm Orientacja: Poziom lub Pion Nadruk: dowolny projekt w kolorystyce CMYK Materia\u0142: PCV\u00a0 #3mm<\/p>","protected":false},"featured_media":2727,"template":"","meta":[],"product_cat":[15],"product_tag":[],"acf":[],"_links":{"self":[{"href":"https:\/\/print.gg\/kalkulator\/de\/wp-json\/wp\/v2\/product\/2734"}],"collection":[{"href":"https:\/\/print.gg\/kalkulator\/de\/wp-json\/wp\/v2\/product"}],"about":[{"href":"https:\/\/print.gg\/kalkulator\/de\/wp-json\/wp\/v2\/types\/product"}],"wp:featuredmedia":[{"embeddable":true,"href":"https:\/\/print.gg\/kalkulator\/de\/wp-json\/wp\/v2\/media\/2727"}],"wp:attachment":[{"href":"https:\/\/print.gg\/kalkulator\/de\/wp-json\/wp\/v2\/media?parent=2734"}],"wp:term":[{"taxonomy":"product_cat","embeddable":true,"href":"https:\/\/print.gg\/kalkulator\/de\/wp-json\/wp\/v2\/product_cat?post=2734"},{"taxonomy":"product_tag","embeddable":true,"href":"https:\/\/print.gg\/kalkulator\/de\/wp-json\/wp\/v2\/product_tag?post=2734"}],"curies":[{"name":"wp","href":"https:\/\/api.w.org\/{rel}","templated":true}]}}