{"id":2741,"date":"2022-10-28T08:11:34","date_gmt":"2022-10-28T08:11:34","guid":{"rendered":"https:\/\/print.gg\/kalkulator\/?post_type=product&#038;p=2741"},"modified":"2026-03-12T13:43:30","modified_gmt":"2026-03-12T13:43:30","slug":"dibond-3mm-na-wymiar-dowolny-ksztalt","status":"publish","type":"product","link":"https:\/\/print.gg\/kalkulator\/de\/produkt\/dibond-3mm-na-wymiar-dowolny-ksztalt\/","title":{"rendered":"Szyld reklamowy DIBOND #3mm na wymiar dowolny kszta\u0142t"},"content":{"rendered":"<h4 style=\"text-align: left;\">SZYLD REKLAMOWY<\/h4>\n<h4 style=\"text-align: left;\">z jednostronnym nadrukiem UV<\/h4>\n<p style=\"text-align: left;\"><b>PRODUKTMERKMALE<\/b><\/p>\n<ul style=\"text-align: left;\">\n<li>Dimension: MA\u00dfGEFERTIGT<\/li>\n<li>Grubo\u015b\u0107: 3mm<\/li>\n<li>Ausrichtung: horizontal, vertikal oder kreisf\u00f6rmig<\/li>\n<li>Nadruk: dowolny projekt w kolorystyce CMYK<\/li>\n<li>Materia\u0142: DIBOND<\/li>\n<li><strong>Ceny stopniowane &#8211; im wi\u0119kszy format zam\u00f3wisz, tym cena za m2 jest mniejsza.<\/strong><\/li>\n<\/ul>\n<h2 style=\"text-align: left;\"><strong>Proponujemy 3 mo\u017cliwo\u015bci dostarczenia plik\u00f3w:<\/strong><\/h2>\n<ol style=\"text-align: left;\">\n<li>Projekt graficzny mog\u0105 Pa\u0144stwo stworzy\u0107 samodzielnie za pomoc\u0105 naszego kreatora &#8211; przycisk zaprojektuj.<\/li>\n<li>Gotowy projekt graficzny mog\u0105 Pa\u0144stwo przes\u0142a\u0107 za pomoc\u0105 przycisku &#8211; prze\u015blij plik.<\/li>\n<li>Je\u017celi nie maj\u0105 Pa\u0144stwo gotowego projektu a licz\u0105 na profesjonaln\u0105 obs\u0142ug\u0119 w tej dziedzinie proponujemy zakupi\u0107 projekt na naszej aukcji na allegro.<\/li>\n<\/ol>\n<div class=\"product-description-buttons-container\" style=\"text-align: left;\">\n<p>&nbsp;<\/p>\n<p class=\"custom-editor-paragraph-with-link\"><strong>Je\u017celi zdecydujesz si\u0119 na drug\u0105 opcj\u0119, pami\u0119taj, aby przygotowa\u0107 plik wg poni\u017cszych parametr\u00f3w:<\/strong><\/p>\n<ul>\n<li style=\"text-align: left;\">Formaty: <strong>CDR, PDF, EPS<\/strong><\/li>\n<li>Linie ci\u0119cia zapisane jako: <strong>CDR, PDF, EPS <\/strong>(dla linii ci\u0119cia prosz\u0119 nada\u0107 kolor<strong> C: 0 M:1 Y:0 K:0)<\/strong><\/li>\n<li>Kolorystyka: <strong>CMYK<\/strong><\/li>\n<li>Czcionki (fonty) <strong>zamienione na krzywe<\/strong><\/li>\n<li>Rozdzielczo\u015b\u0107 map bitowych (grafik): <strong>300 dpi<\/strong><\/li>\n<li>Elementy nie mog\u0105 by\u0107 zablokowane<\/li>\n<li>Pliki przygotowa\u0107 w skali <strong>1:1<\/strong><\/li>\n<\/ul>\n<\/div>\n<p style=\"text-align: left;\"><a href=\"https:\/\/print.gg\/app\/uploads\/2021\/07\/NAKLEJKI-foliowe-DOWOLNY-KSZTALT-NADRUK-1m2-Ksztalt-inny-600x600.jpg\"><img loading=\"lazy\" class=\"alignnone wp-image-7926 size-medium\" src=\"https:\/\/print.gg\/app\/uploads\/2021\/07\/NAKLEJKI-foliowe-DOWOLNY-KSZTALT-NADRUK-1m2-Ksztalt-inny-600x600.jpg\" alt=\"\" width=\"600\" height=\"600\" \/><\/a><\/p>\n<p style=\"text-align: left;\">","protected":false},"excerpt":{"rendered":"<p>SZYLD REKLAMOWY z jednostronnym nadrukiem UV CECHY PRODUKTU Wymiar: NA WYMIAR Grubo\u015b\u0107: 3mm Orientacja: Poziom lub Pion Nadruk: dowolny projekt w kolorystyce CMYK Materia\u0142: DIBOND Ceny stopniowane &#8211; im wi\u0119kszy format zam\u00f3wisz, tym cena za m2 jest mniejsza. Proponujemy 3 mo\u017cliwo\u015bci dostarczenia plik\u00f3w: Projekt graficzny mog\u0105 Pa\u0144stwo stworzy\u0107 samodzielnie za pomoc\u0105 naszego kreatora &#8211; przycisk [&hellip;]<\/p>","protected":false},"featured_media":3430,"template":"","meta":[],"product_cat":[15],"product_tag":[],"acf":[],"_links":{"self":[{"href":"https:\/\/print.gg\/kalkulator\/de\/wp-json\/wp\/v2\/product\/2741"}],"collection":[{"href":"https:\/\/print.gg\/kalkulator\/de\/wp-json\/wp\/v2\/product"}],"about":[{"href":"https:\/\/print.gg\/kalkulator\/de\/wp-json\/wp\/v2\/types\/product"}],"wp:featuredmedia":[{"embeddable":true,"href":"https:\/\/print.gg\/kalkulator\/de\/wp-json\/wp\/v2\/media\/3430"}],"wp:attachment":[{"href":"https:\/\/print.gg\/kalkulator\/de\/wp-json\/wp\/v2\/media?parent=2741"}],"wp:term":[{"taxonomy":"product_cat","embeddable":true,"href":"https:\/\/print.gg\/kalkulator\/de\/wp-json\/wp\/v2\/product_cat?post=2741"},{"taxonomy":"product_tag","embeddable":true,"href":"https:\/\/print.gg\/kalkulator\/de\/wp-json\/wp\/v2\/product_tag?post=2741"}],"curies":[{"name":"wp","href":"https:\/\/api.w.org\/{rel}","templated":true}]}}