{"id":2816,"date":"2022-12-27T13:17:54","date_gmt":"2022-12-27T13:17:54","guid":{"rendered":"https:\/\/print.gg\/kalkulator\/?post_type=product&#038;p=2816"},"modified":"2025-02-20T07:08:56","modified_gmt":"2025-02-20T07:08:56","slug":"litery_pcv_czarne_5mm","status":"publish","type":"product","link":"https:\/\/print.gg\/kalkulator\/de\/produkt\/litery_pcv_czarne_5mm\/","title":{"rendered":"Litery 3D &#8211; Litery przestrzenne &#8211; PCV czarne #5mm"},"content":{"rendered":"<h4 style=\"text-align: center;\">Litery 3D &#8211; Litery przestrzenne<\/h4>\n<h4 style=\"text-align: center;\">PCV czarne #5mm<\/h4>\n<p><b>PRODUKTMERKMALE<\/b><\/p>\n<ul>\n<li>Dimension: MA\u00dfGEFERTIGT<\/li>\n<li>Grubo\u015b\u0107: 5mm<\/li>\n<li>Ausrichtung: horizontal, vertikal oder kreisf\u00f6rmig<\/li>\n<li>Materia\u0142: PCV<\/li>\n<li>Kolor: Czarny<\/li>\n<\/ul>","protected":false},"excerpt":{"rendered":"<p>Litery 3D &#8211; Litery przestrzenne PCV czarne #5mm CECHY PRODUKTU Wymiar: NA WYMIAR Grubo\u015b\u0107: 5mm Orientacja: Poziom lub Pion Materia\u0142: PCV Kolor: Czarny<\/p>","protected":false},"featured_media":2820,"template":"","meta":[],"product_cat":[15],"product_tag":[],"acf":[],"_links":{"self":[{"href":"https:\/\/print.gg\/kalkulator\/de\/wp-json\/wp\/v2\/product\/2816"}],"collection":[{"href":"https:\/\/print.gg\/kalkulator\/de\/wp-json\/wp\/v2\/product"}],"about":[{"href":"https:\/\/print.gg\/kalkulator\/de\/wp-json\/wp\/v2\/types\/product"}],"wp:featuredmedia":[{"embeddable":true,"href":"https:\/\/print.gg\/kalkulator\/de\/wp-json\/wp\/v2\/media\/2820"}],"wp:attachment":[{"href":"https:\/\/print.gg\/kalkulator\/de\/wp-json\/wp\/v2\/media?parent=2816"}],"wp:term":[{"taxonomy":"product_cat","embeddable":true,"href":"https:\/\/print.gg\/kalkulator\/de\/wp-json\/wp\/v2\/product_cat?post=2816"},{"taxonomy":"product_tag","embeddable":true,"href":"https:\/\/print.gg\/kalkulator\/de\/wp-json\/wp\/v2\/product_tag?post=2816"}],"curies":[{"name":"wp","href":"https:\/\/api.w.org\/{rel}","templated":true}]}}