{"id":2821,"date":"2022-12-29T13:34:37","date_gmt":"2022-12-29T13:34:37","guid":{"rendered":"https:\/\/print.gg\/kalkulator\/?post_type=product&#038;p=2821"},"modified":"2025-02-20T06:35:35","modified_gmt":"2025-02-20T06:35:35","slug":"litery-3d-litery-przestrzenne-pcv-czarne-10mm","status":"publish","type":"product","link":"https:\/\/print.gg\/kalkulator\/de\/produkt\/litery-3d-litery-przestrzenne-pcv-czarne-10mm\/","title":{"rendered":"Litery 3D &#8211; Litery przestrzenne &#8211; PCV czarne #10mm"},"content":{"rendered":"<h4 style=\"text-align: center;\">Litery 3D &#8211; Litery przestrzenne<\/h4>\n<h4 style=\"text-align: center;\">PCV czarne #10mm<\/h4>\n<p><b>PRODUKTMERKMALE<\/b><\/p>\n<ul>\n<li>Dimension: MA\u00dfGEFERTIGT<\/li>\n<li>Grubo\u015b\u0107: 10mm<\/li>\n<li>Ausrichtung: horizontal, vertikal oder kreisf\u00f6rmig<\/li>\n<li>Materia\u0142: PCV<\/li>\n<li>Kolor: Czarny<\/li>\n<\/ul>","protected":false},"excerpt":{"rendered":"<p>Litery 3D &#8211; Litery przestrzenne PCV czarne #10mm CECHY PRODUKTU Wymiar: NA WYMIAR Grubo\u015b\u0107: 10mm Orientacja: Poziom lub Pion Materia\u0142: PCV Kolor: Czarny<\/p>","protected":false},"featured_media":2815,"template":"","meta":[],"product_cat":[15],"product_tag":[],"acf":[],"_links":{"self":[{"href":"https:\/\/print.gg\/kalkulator\/de\/wp-json\/wp\/v2\/product\/2821"}],"collection":[{"href":"https:\/\/print.gg\/kalkulator\/de\/wp-json\/wp\/v2\/product"}],"about":[{"href":"https:\/\/print.gg\/kalkulator\/de\/wp-json\/wp\/v2\/types\/product"}],"wp:featuredmedia":[{"embeddable":true,"href":"https:\/\/print.gg\/kalkulator\/de\/wp-json\/wp\/v2\/media\/2815"}],"wp:attachment":[{"href":"https:\/\/print.gg\/kalkulator\/de\/wp-json\/wp\/v2\/media?parent=2821"}],"wp:term":[{"taxonomy":"product_cat","embeddable":true,"href":"https:\/\/print.gg\/kalkulator\/de\/wp-json\/wp\/v2\/product_cat?post=2821"},{"taxonomy":"product_tag","embeddable":true,"href":"https:\/\/print.gg\/kalkulator\/de\/wp-json\/wp\/v2\/product_tag?post=2821"}],"curies":[{"name":"wp","href":"https:\/\/api.w.org\/{rel}","templated":true}]}}