{"id":3582,"date":"2023-11-16T09:54:52","date_gmt":"2023-11-16T09:54:52","guid":{"rendered":"https:\/\/print.gg\/kalkulator\/?post_type=product&#038;p=3582"},"modified":"2023-12-13T12:31:52","modified_gmt":"2023-12-13T12:31:52","slug":"tischschutzmatte-transparent-masgefertigt","status":"publish","type":"product","link":"https:\/\/print.gg\/kalkulator\/de\/produkt\/tischschutzmatte-transparent-masgefertigt\/","title":{"rendered":"Tischschutzmatte, transparent, ma\u00dfgefertigt"},"content":{"rendered":"<p style=\"text-align: left;\"><b>PRODUKTMERKMALE<\/b><\/p>\n<ul>\n<li style=\"text-align: left;\">Dimension: MA\u00dfGEFERTIGT<\/li>\n<li style=\"text-align: left;\">Dicke: 2 mm<\/li>\n<li style=\"text-align: left;\">Ausrichtung: horizontal, vertikal oder kreisf\u00f6rmig<\/li>\n<li style=\"text-align: left;\">Druck: keine<\/li>\n<li style=\"text-align: left;\">Material: PVC<\/li>\n<\/ul>","protected":false},"excerpt":{"rendered":"<p>CECHY PRODUKTU Wymiar: NA WYMIAR Grubo\u015b\u0107: 2mm Orientacja: Poziom lub Pion Nadruk: brak Materia\u0142: PVC<\/p>","protected":false},"featured_media":3569,"template":"","meta":[],"product_cat":[15],"product_tag":[],"acf":[],"_links":{"self":[{"href":"https:\/\/print.gg\/kalkulator\/de\/wp-json\/wp\/v2\/product\/3582"}],"collection":[{"href":"https:\/\/print.gg\/kalkulator\/de\/wp-json\/wp\/v2\/product"}],"about":[{"href":"https:\/\/print.gg\/kalkulator\/de\/wp-json\/wp\/v2\/types\/product"}],"wp:featuredmedia":[{"embeddable":true,"href":"https:\/\/print.gg\/kalkulator\/de\/wp-json\/wp\/v2\/media\/3569"}],"wp:attachment":[{"href":"https:\/\/print.gg\/kalkulator\/de\/wp-json\/wp\/v2\/media?parent=3582"}],"wp:term":[{"taxonomy":"product_cat","embeddable":true,"href":"https:\/\/print.gg\/kalkulator\/de\/wp-json\/wp\/v2\/product_cat?post=3582"},{"taxonomy":"product_tag","embeddable":true,"href":"https:\/\/print.gg\/kalkulator\/de\/wp-json\/wp\/v2\/product_tag?post=3582"}],"curies":[{"name":"wp","href":"https:\/\/api.w.org\/{rel}","templated":true}]}}