{"id":3896,"date":"2024-01-30T09:42:27","date_gmt":"2024-01-30T09:42:27","guid":{"rendered":"https:\/\/print.gg\/kalkulator\/?post_type=product&#038;p=3896"},"modified":"2024-02-06T08:20:52","modified_gmt":"2024-02-06T08:20:52","slug":"plyta-szara-z-pcv-spienionego-grubosc-5mm-dowolny-wymiar-i-ksztalt","status":"publish","type":"product","link":"https:\/\/print.gg\/kalkulator\/de\/produkt\/plyta-szara-z-pcv-spienionego-grubosc-5mm-dowolny-wymiar-i-ksztalt\/","title":{"rendered":"P\u0142yta szara z PCV spienionego, grubo\u015b\u0107 5mm, dowolny wymiar i kszta\u0142t"},"content":{"rendered":"<p style=\"text-align: left;\"><b>PRODUKTMERKMALE<\/b><\/p>\n<ul>\n<li style=\"text-align: left;\">Dimension: MA\u00dfGEFERTIGT<\/li>\n<li>Dowolny kszta\u0142t: tak<\/li>\n<li style=\"text-align: left;\">Grubo\u015b\u0107: 5mm<\/li>\n<li style=\"text-align: left;\">Orientacja: poziom, pion lub ko\u0142o<\/li>\n<li>Kolor p\u0142yty: szara<\/li>\n<li style=\"text-align: left;\">Nadruk: opcjonalnie tak<\/li>\n<li style=\"text-align: left;\">Material: PVC<\/li>\n<\/ul>\n<p>&nbsp;<\/p>\n<p><strong><a href=\"https:\/\/print.gg\/kalkulator\/wp-content\/uploads\/2024\/01\/Wzornik-naroznikow.pdf\">Wzornik promieni naro\u017cnik\u00f3w do pobrania <\/a><a href=\"https:\/\/print.gg\/kalkulator\/wp-content\/uploads\/2024\/01\/Wzornik-naroznikow.pdf\">TUTAJ (naci\u015bnij na tekst)<\/a><\/strong><\/p>","protected":false},"excerpt":{"rendered":"<p>CECHY PRODUKTU Wymiar: NA WYMIAR Dowolny kszta\u0142t: tak Grubo\u015b\u0107: 5mm Orientacja: poziom, pion lub ko\u0142o Kolor p\u0142yty: szara Nadruk: opcjonalnie tak Materia\u0142: PVC &nbsp; Wzornik promieni naro\u017cnik\u00f3w do pobrania TUTAJ (naci\u015bnij na tekst)<\/p>","protected":false},"featured_media":3893,"template":"","meta":[],"product_cat":[15],"product_tag":[],"acf":[],"_links":{"self":[{"href":"https:\/\/print.gg\/kalkulator\/de\/wp-json\/wp\/v2\/product\/3896"}],"collection":[{"href":"https:\/\/print.gg\/kalkulator\/de\/wp-json\/wp\/v2\/product"}],"about":[{"href":"https:\/\/print.gg\/kalkulator\/de\/wp-json\/wp\/v2\/types\/product"}],"wp:featuredmedia":[{"embeddable":true,"href":"https:\/\/print.gg\/kalkulator\/de\/wp-json\/wp\/v2\/media\/3893"}],"wp:attachment":[{"href":"https:\/\/print.gg\/kalkulator\/de\/wp-json\/wp\/v2\/media?parent=3896"}],"wp:term":[{"taxonomy":"product_cat","embeddable":true,"href":"https:\/\/print.gg\/kalkulator\/de\/wp-json\/wp\/v2\/product_cat?post=3896"},{"taxonomy":"product_tag","embeddable":true,"href":"https:\/\/print.gg\/kalkulator\/de\/wp-json\/wp\/v2\/product_tag?post=3896"}],"curies":[{"name":"wp","href":"https:\/\/api.w.org\/{rel}","templated":true}]}}