{"id":4203,"date":"2024-06-12T10:05:01","date_gmt":"2024-06-12T10:05:01","guid":{"rendered":"https:\/\/print.gg\/kalkulator\/?post_type=product&#038;p=4203"},"modified":"2025-09-22T11:04:10","modified_gmt":"2025-09-22T11:04:10","slug":"naklejka-magnetyczna-na-samochod-w-dowolnym-ksztalcie","status":"publish","type":"product","link":"https:\/\/print.gg\/kalkulator\/de\/produkt\/naklejka-magnetyczna-na-samochod-w-dowolnym-ksztalcie\/","title":{"rendered":"Naklejka magnetyczna na samoch\u00f3d w dowolnym kszta\u0142cie"},"content":{"rendered":"<h4 style=\"text-align: center;\">NAKLEJKA MAGNETYCZNA<\/h4>\n<h4 style=\"text-align: center;\">z jednostronnym nadrukiem UV<\/h4>\n<p><b>PRODUKTMERKMALE<\/b><\/p>\n<ul>\n<li>Dimension: MA\u00dfGEFERTIGT<\/li>\n<li>Grubo\u015b\u0107: 0,7 mm<\/li>\n<li>Nadruk: dowolny projekt w kolorystyce CMYK<\/li>\n<li><strong>Ceny stopniowane &#8211; im wi\u0119kszy format zam\u00f3wisz, tym cena za m2 jest mniejsza.<\/strong><\/li>\n<\/ul>","protected":false},"excerpt":{"rendered":"<p>NAKLEJKA MAGNETYCZNA z jednostronnym nadrukiem UV CECHY PRODUKTU Wymiar: NA WYMIAR Grubo\u015b\u0107: 0,7 mm Nadruk: dowolny projekt w kolorystyce CMYK Ceny stopniowane &#8211; im wi\u0119kszy format zam\u00f3wisz, tym cena za m2 jest mniejsza.<\/p>","protected":false},"featured_media":4062,"template":"","meta":[],"product_cat":[15],"product_tag":[],"acf":[],"_links":{"self":[{"href":"https:\/\/print.gg\/kalkulator\/de\/wp-json\/wp\/v2\/product\/4203"}],"collection":[{"href":"https:\/\/print.gg\/kalkulator\/de\/wp-json\/wp\/v2\/product"}],"about":[{"href":"https:\/\/print.gg\/kalkulator\/de\/wp-json\/wp\/v2\/types\/product"}],"wp:featuredmedia":[{"embeddable":true,"href":"https:\/\/print.gg\/kalkulator\/de\/wp-json\/wp\/v2\/media\/4062"}],"wp:attachment":[{"href":"https:\/\/print.gg\/kalkulator\/de\/wp-json\/wp\/v2\/media?parent=4203"}],"wp:term":[{"taxonomy":"product_cat","embeddable":true,"href":"https:\/\/print.gg\/kalkulator\/de\/wp-json\/wp\/v2\/product_cat?post=4203"},{"taxonomy":"product_tag","embeddable":true,"href":"https:\/\/print.gg\/kalkulator\/de\/wp-json\/wp\/v2\/product_tag?post=4203"}],"curies":[{"name":"wp","href":"https:\/\/api.w.org\/{rel}","templated":true}]}}