{"id":4220,"date":"2024-06-13T11:57:47","date_gmt":"2024-06-13T11:57:47","guid":{"rendered":"https:\/\/print.gg\/kalkulator\/?post_type=product&#038;p=4220"},"modified":"2025-02-20T06:53:27","modified_gmt":"2025-02-20T06:53:27","slug":"szyld-reklamowy-pcv-5mm-na-wymiar","status":"publish","type":"product","link":"https:\/\/print.gg\/kalkulator\/de\/produkt\/szyld-reklamowy-pcv-5mm-na-wymiar\/","title":{"rendered":"Szyld reklamowy PCV #5mm na wymiar"},"content":{"rendered":"<h4 style=\"text-align: center;\">SZYLD REKLAMOWY<\/h4>\n<h4 style=\"text-align: center;\">z jednostronnym nadrukiem UV<\/h4>\n<p><b>PRODUKTMERKMALE<\/b><\/p>\n<ul>\n<li>Dimension: MA\u00dfGEFERTIGT<\/li>\n<li>Grubo\u015b\u0107: 5mm<\/li>\n<li>Ausrichtung: horizontal, vertikal oder kreisf\u00f6rmig<\/li>\n<li>Nadruk: dowolny projekt w kolorystyce CMYK<\/li>\n<li>Materia\u0142: PCV\u00a0 #5mm<\/li>\n<\/ul>","protected":false},"excerpt":{"rendered":"<p>SZYLD REKLAMOWY z jednostronnym nadrukiem UV CECHY PRODUKTU Wymiar: NA WYMIAR Grubo\u015b\u0107: 5mm Orientacja: Poziom lub Pion Nadruk: dowolny projekt w kolorystyce CMYK Materia\u0142: PCV\u00a0 #5mm<\/p>","protected":false},"featured_media":2727,"template":"","meta":[],"product_cat":[15],"product_tag":[],"acf":[],"_links":{"self":[{"href":"https:\/\/print.gg\/kalkulator\/de\/wp-json\/wp\/v2\/product\/4220"}],"collection":[{"href":"https:\/\/print.gg\/kalkulator\/de\/wp-json\/wp\/v2\/product"}],"about":[{"href":"https:\/\/print.gg\/kalkulator\/de\/wp-json\/wp\/v2\/types\/product"}],"wp:featuredmedia":[{"embeddable":true,"href":"https:\/\/print.gg\/kalkulator\/de\/wp-json\/wp\/v2\/media\/2727"}],"wp:attachment":[{"href":"https:\/\/print.gg\/kalkulator\/de\/wp-json\/wp\/v2\/media?parent=4220"}],"wp:term":[{"taxonomy":"product_cat","embeddable":true,"href":"https:\/\/print.gg\/kalkulator\/de\/wp-json\/wp\/v2\/product_cat?post=4220"},{"taxonomy":"product_tag","embeddable":true,"href":"https:\/\/print.gg\/kalkulator\/de\/wp-json\/wp\/v2\/product_tag?post=4220"}],"curies":[{"name":"wp","href":"https:\/\/api.w.org\/{rel}","templated":true}]}}