{"id":5266,"date":"2025-07-29T10:35:01","date_gmt":"2025-07-29T10:35:01","guid":{"rendered":"https:\/\/print.gg\/kalkulator\/?post_type=product&#038;p=5266"},"modified":"2025-10-03T11:17:40","modified_gmt":"2025-10-03T11:17:40","slug":"mata-ochronna-na-stol-teksturowana-na-wymiar","status":"publish","type":"product","link":"https:\/\/print.gg\/kalkulator\/de\/produkt\/mata-ochronna-na-stol-teksturowana-na-wymiar\/","title":{"rendered":"Mata ochronna na st\u00f3\u0142, TEKSTUROWANA, na wymiar"},"content":{"rendered":"<p style=\"text-align: left;\"><b>PRODUKTMERKMALE<\/b><\/p>\n<ul>\n<li style=\"text-align: left;\">Dimension: MA\u00dfGEFERTIGT<\/li>\n<li style=\"text-align: left;\">Dicke: 2 mm<\/li>\n<li style=\"text-align: left;\">Orientacja: poziom, pion lub ko\u0142o<\/li>\n<li style=\"text-align: left;\">Druck: keine<\/li>\n<li style=\"text-align: left;\">Material: PVC<\/li>\n<li>z motywem TEKSTURY<\/li>\n<\/ul>","protected":false},"excerpt":{"rendered":"<p>CECHY PRODUKTU Wymiar: NA WYMIAR Grubo\u015b\u0107: 2mm Orientacja: poziom, pion lub ko\u0142o Nadruk: brak Materia\u0142: PVC z motywem TEKSTURY<\/p>","protected":false},"featured_media":3569,"template":"","meta":[],"product_cat":[15],"product_tag":[],"acf":[],"_links":{"self":[{"href":"https:\/\/print.gg\/kalkulator\/de\/wp-json\/wp\/v2\/product\/5266"}],"collection":[{"href":"https:\/\/print.gg\/kalkulator\/de\/wp-json\/wp\/v2\/product"}],"about":[{"href":"https:\/\/print.gg\/kalkulator\/de\/wp-json\/wp\/v2\/types\/product"}],"wp:featuredmedia":[{"embeddable":true,"href":"https:\/\/print.gg\/kalkulator\/de\/wp-json\/wp\/v2\/media\/3569"}],"wp:attachment":[{"href":"https:\/\/print.gg\/kalkulator\/de\/wp-json\/wp\/v2\/media?parent=5266"}],"wp:term":[{"taxonomy":"product_cat","embeddable":true,"href":"https:\/\/print.gg\/kalkulator\/de\/wp-json\/wp\/v2\/product_cat?post=5266"},{"taxonomy":"product_tag","embeddable":true,"href":"https:\/\/print.gg\/kalkulator\/de\/wp-json\/wp\/v2\/product_tag?post=5266"}],"curies":[{"name":"wp","href":"https:\/\/api.w.org\/{rel}","templated":true}]}}